{"id":149,"date":"2023-02-20T20:47:57","date_gmt":"2023-02-20T19:47:57","guid":{"rendered":"https:\/\/ivex.online\/?page_id=149"},"modified":"2023-03-16T15:06:16","modified_gmt":"2023-03-16T14:06:16","slug":"politica-de-cookies","status":"publish","type":"page","link":"https:\/\/ivex.online\/es\/politica-de-cookies\/","title":{"rendered":"Pol\u00edtica de Cookies"},"content":{"rendered":"\n<p>En relaci\u00f3n a las Cookies durante la navegaci\u00f3n<\/p>\n\n\n\n<p>Una cookie (o galleta inform\u00e1tica) es una peque\u00f1a informaci\u00f3n enviada por un sitio web y almacenada en el navegador del usuario, por lo que el sitio web puede consultar la actividad previa del usuario. Sus principales funciones son:<\/p>\n\n\n\n<ul>\n<li>Llevar el control de usuarios: cuando un usuario introduce su nombre de usuario y contrase\u00f1a, se almacena una cookie para que no tenga que introducirlas para cada p\u00e1gina del servidor. Por otro lado, una cookie no identifica s\u00f3lo a una persona, sino a una combinaci\u00f3n de computadora-navegador-usuario.<\/li>\n\n\n\n<li>Conseguir informaci\u00f3n sobre los h\u00e1bitos de navegaci\u00f3n del usuario, entre otros.<\/li>\n<\/ul>\n\n\n\n<h2 class=\"wp-block-heading\">Cookies propias:<\/h2>\n\n\n\n<figure class=\"wp-block-table\"><table><tbody><tr><td>Tipos de cookie<\/td><td>Finalidad<\/td><\/tr><tr><td>cnolotci_session<\/td><td>Facilitar informaci\u00f3n de inicio en la intranet<\/td><\/tr><tr><td>PHPSESSID<\/td><td>Control de sesi\u00f3n<\/td><\/tr><\/tbody><\/table><\/figure>\n\n\n\n<h2 class=\"wp-block-heading\">Cookies de terceros en el portal:<\/h2>\n\n\n\n<figure class=\"wp-block-table\"><table><tbody><tr><td>Tipos de cookie<\/td><td>Empresa<\/td><td>Finalidad<\/td><td>+ Informaci\u00f3n<\/td><\/tr><tr><td>_utma_utmb_utmc_utmz<\/td><td>Google<\/td><td>Navegaci\u00f3n de forma An\u00f3nima que permite saber qu\u00e9 se consulta y c\u00f3mo se navega<\/td><td><a href=\"http:\/\/www.google.es\/intl\/es\/analytics\/privacyoverview.html\">+ Informaci\u00f3n<\/a><\/td><\/tr><\/tbody><\/table><\/figure>\n\n\n\n<h2 class=\"wp-block-heading\">Cookies insertadas por otros canales en el portal:<\/h2>\n\n\n\n<figure class=\"wp-block-table\"><table><tbody><tr><td>Tipos de cookie<\/td><td>Empresa<\/td><td>Finalidad<\/td><td>+ Informaci\u00f3n<\/td><\/tr><tr><td><\/td><td>Twitter<\/td><td>Visitante<\/td><td><a href=\"https:\/\/twitter.com\/privacy\" target=\"_blank\" rel=\"noreferrer noopener\">+ Informaci\u00f3n<\/a><\/td><\/tr><tr><td><\/td><td>Facebook<\/td><td>Visitante<\/td><td><a href=\"https:\/\/www.facebook.com\/help\/cookies\" target=\"_blank\" rel=\"noreferrer noopener\">+ Informaci\u00f3n<\/a><\/td><\/tr><tr><td><\/td><td>Picassa<\/td><td>Visitante<\/td><td><a href=\"http:\/\/www.google.com\/intl\/en\/policies\/technologies\/cookies\/\" target=\"_blank\" rel=\"noreferrer noopener\">+ Informaci\u00f3n<\/a><\/td><\/tr><\/tbody><\/table><\/figure>\n\n\n\n<h2 class=\"wp-block-heading\">Gestionar cookies<\/h2>\n\n\n\n<p>Puedes permitir, bloquear o eliminar las cookies instaladas en tu equipo mediante la configuraci\u00f3n de las opciones del navegador instalado en tu ordenador.<\/p>\n\n\n\n<p>Si no est\u00e1s seguro de qu\u00e9 tipo y versi\u00f3n de navegador utilizas para acceder a internet:<\/p>\n\n\n\n<ul>\n<li>Para Windows: tienes que hacer clic en \"Ayuda\" en la parte superior de la ventana del navegador y seleccionar la opci\u00f3n \"Sobre el\".<\/li>\n\n\n\n<li>Para Mac: con la ventana del navegador abierta, pulsar en el men\u00fa de Apple y seleccionar la opci\u00f3n \"Sobre el ...\".<\/li>\n<\/ul>\n\n\n\n<h2 class=\"wp-block-heading\">C\u00d3MO GESTIONAR LAS COOKIES EN WINDOWS<\/h2>\n\n\n\n<h3 class=\"wp-block-heading\">Google Chrome<\/h3>\n\n\n\n<ol>\n<li>Haz clic en el men\u00fa de Chrome situado en la barra de herramientas del navegador.<\/li>\n\n\n\n<li>Selecciona \u201cConfiguraci\u00f3n\u201d.<\/li>\n\n\n\n<li>Haz clic en \"Mostrar opciones avanzadas ...\"<\/li>\n\n\n\n<li>En la secci\u00f3n \"Privacidad\", haz clic en el bot\u00f3n \"Configuraci\u00f3n de contenido ...\".<\/li>\n\n\n\n<li>En la secci\u00f3n \"Cookies\", puedes configurar las opciones que se indican a continuaci\u00f3n: Eliminar cookies, bloquear o permitir las cookies de forma predeterminada, incluir excepciones de cookies de dominios o sitios web espec\u00edficos.<\/li>\n\n\n\n<li>Si necesitas m\u00e1s detalles puedes consultar la ayuda de Google Chrome.<\/li>\n<\/ol>\n\n\n\n<h3 class=\"wp-block-heading\">Microsoft Internet Explorer 7.0 y 8.0<\/h3>\n\n\n\n<ol>\n<li>Haz clic en el bot\u00f3n \"Herramientas\" y luego en \"Opciones de Internet\".<\/li>\n\n\n\n<li>Haz clic en la ficha \"Privacidad\" y, a continuaci\u00f3n, mueve el control deslizante a una posici\u00f3n intermedia entre los extremos superior e inferior, de forma que no se bloqueen ni permitan todas las cookies.<\/li>\n\n\n\n<li>Haz clic en \"Lugares\".<\/li>\n\n\n\n<li>En el cuadro \"Direcci\u00f3n del sitio web\", escribe la direcci\u00f3n de un sitio web y, despu\u00e9s, haz clic en \"Bloquear\" o \"Permitir\".<\/li>\n\n\n\n<li>Mientras escribe, ir\u00e1 apareciendo una lista de las p\u00e1ginas web que ya haya visitado. Si hace clic en un elemento de la lista, se mostrar\u00e1 en el cuadro Direcci\u00f3n del sitio web.<\/li>\n\n\n\n<li>Al finalizar, haz clic en \"Aceptar\".<\/li>\n\n\n\n<li>Volver a colocar el control deslizante a su posici\u00f3n original y haz clic en \"Aceptar\".<\/li>\n\n\n\n<li>Puedes consultar la ayuda de Windows para m\u00e1s informaci\u00f3n.<\/li>\n<\/ol>\n\n\n\n<h3 class=\"wp-block-heading\">Mozilla Firefox<\/h3>\n\n\n\n<ol>\n<li>En la parte superior de la ventana de Firefox, haz clic en el bot\u00f3n Firefox y selecciona \"Opciones\".<\/li>\n\n\n\n<li>Seleccione el panel \"Privacidad\".<\/li>\n\n\n\n<li>En \"Firefox podr\u00e1:\" escoger \"Usar una configuraci\u00f3n personalizada para el historial\".<\/li>\n\n\n\n<li>Marca la opci\u00f3n \"Aceptar cookies\" para activarlas y desmarca-la para desactivarlas.<\/li>\n\n\n\n<li>Si no quieres recibir cookies de terceros desmarca \"Aceptar cookies de terceros\".<\/li>\n\n\n\n<li>Puedes consultar la ayuda de Mozilla para m\u00e1s informaci\u00f3n.<\/li>\n<\/ol>\n\n\n\n<h3 class=\"wp-block-heading\">Safari<\/h3>\n\n\n\n<ol>\n<li>Haz clic en \"Safari\" en la parte superior de la ventana del navegador y selecciona la opci\u00f3n \"Preferencias\".<\/li>\n\n\n\n<li>Haz clic en \"Privacidad\".<\/li>\n\n\n\n<li>En el apartado \"Bloquear cookies\" selecciona una de las siguientes opciones seg\u00fan te interese: \"De publicidad y terceros\", \"Siempre\", o \"Nunca\".<\/li>\n<\/ol>\n\n\n\n<h3 class=\"wp-block-heading\">Opera<\/h3>\n\n\n\n<ol>\n<li>Haz clic en \u201cOpera\u201d en la parte superior de la ventana del navegador y selecciona \u201cOpciones\u201d.<\/li>\n\n\n\n<li>A continuaci\u00f3n selecciona la pesta\u00f1a \u201cAvanzado\u201d y en la lista de la izquierda selecciona \u201cCookies\u201d.<\/li>\n\n\n\n<li>A continuaci\u00f3n, seleccion \u201cAceptar cookies\u201d.<\/li>\n\n\n\n<li>Dispone de tres opciones seg\u00fan tu preferencia: \"Aceptar cookies\", \"Aceptar cookies s\u00f3lo del sitio visitado\" y \"No aceptar cookies nunca\".<\/li>\n<\/ol>\n","protected":false},"excerpt":{"rendered":"<p>En relaci\u00f3n a las Cookies durante la navegaci\u00f3n Una cookie (o galleta inform\u00e1tica) es una peque\u00f1a informaci\u00f3n enviada por un sitio web y almacenada en el navegador del usuario, por lo que el sitio web puede consultar la actividad previa del usuario. Sus principales funciones son: Cookies propias: Tipos de cookie Finalidad cnolotci_session Facilitar informaci\u00f3n [&hellip;]<\/p>\n","protected":false},"author":2,"featured_media":0,"parent":0,"menu_order":0,"comment_status":"closed","ping_status":"closed","template":"","meta":{"inline_featured_image":false},"acf":[],"yoast_head":"<!-- This site is optimized with the Yoast SEO plugin v20.3 - https:\/\/yoast.com\/wordpress\/plugins\/seo\/ -->\n<title>Pol\u00edtica de Cookies &raquo; Ivex<\/title>\n<meta name=\"robots\" content=\"index, follow, max-snippet:-1, max-image-preview:large, max-video-preview:-1\" \/>\n<link rel=\"canonical\" href=\"https:\/\/ivex.online\/es\/politica-de-cookies\/\" \/>\n<meta property=\"og:locale\" content=\"es_ES\" \/>\n<meta property=\"og:type\" content=\"article\" \/>\n<meta property=\"og:title\" content=\"Pol\u00edtica de Cookies &raquo; Ivex\" \/>\n<meta property=\"og:description\" content=\"En relaci\u00f3n a las Cookies durante la navegaci\u00f3n Una cookie (o galleta inform\u00e1tica) es una peque\u00f1a informaci\u00f3n enviada por un sitio web y almacenada en el navegador del usuario, por lo que el sitio web puede consultar la actividad previa del usuario. Sus principales funciones son: Cookies propias: Tipos de cookie Finalidad cnolotci_session Facilitar informaci\u00f3n [&hellip;]\" \/>\n<meta property=\"og:url\" content=\"https:\/\/ivex.online\/es\/politica-de-cookies\/\" \/>\n<meta property=\"og:site_name\" content=\"Ivex\" \/>\n<meta property=\"article:modified_time\" content=\"2023-03-16T14:06:16+00:00\" \/>\n<meta name=\"twitter:card\" content=\"summary_large_image\" \/>\n<meta name=\"twitter:label1\" content=\"Tiempo de lectura\" \/>\n\t<meta name=\"twitter:data1\" content=\"4 minutos\" \/>\n<script type=\"application\/ld+json\" class=\"yoast-schema-graph\">{\"@context\":\"https:\/\/schema.org\",\"@graph\":[{\"@type\":\"WebPage\",\"@id\":\"https:\/\/ivex.online\/es\/politica-de-cookies\/\",\"url\":\"https:\/\/ivex.online\/es\/politica-de-cookies\/\",\"name\":\"Pol\u00edtica de Cookies &raquo; Ivex\",\"isPartOf\":{\"@id\":\"https:\/\/ivex.online\/es\/#website\"},\"datePublished\":\"2023-02-20T19:47:57+00:00\",\"dateModified\":\"2023-03-16T14:06:16+00:00\",\"breadcrumb\":{\"@id\":\"https:\/\/ivex.online\/es\/politica-de-cookies\/#breadcrumb\"},\"inLanguage\":\"es\",\"potentialAction\":[{\"@type\":\"ReadAction\",\"target\":[\"https:\/\/ivex.online\/es\/politica-de-cookies\/\"]}]},{\"@type\":\"BreadcrumbList\",\"@id\":\"https:\/\/ivex.online\/es\/politica-de-cookies\/#breadcrumb\",\"itemListElement\":[{\"@type\":\"ListItem\",\"position\":1,\"name\":\"Inici\",\"item\":\"https:\/\/ivex.online\/es\/\"},{\"@type\":\"ListItem\",\"position\":2,\"name\":\"Pol\u00edtica de Cookies\"}]},{\"@type\":\"WebSite\",\"@id\":\"https:\/\/ivex.online\/es\/#website\",\"url\":\"https:\/\/ivex.online\/es\/\",\"name\":\"Ivex\",\"description\":\"Transport immediat recollim quan i a on vulguis.\",\"publisher\":{\"@id\":\"https:\/\/ivex.online\/es\/#organization\"},\"potentialAction\":[{\"@type\":\"SearchAction\",\"target\":{\"@type\":\"EntryPoint\",\"urlTemplate\":\"https:\/\/ivex.online\/es\/?s={search_term_string}\"},\"query-input\":\"required name=search_term_string\"}],\"inLanguage\":\"es\"},{\"@type\":\"Organization\",\"@id\":\"https:\/\/ivex.online\/es\/#organization\",\"name\":\"Ivex\",\"url\":\"https:\/\/ivex.online\/es\/\",\"logo\":{\"@type\":\"ImageObject\",\"inLanguage\":\"es\",\"@id\":\"https:\/\/ivex.online\/es\/#\/schema\/logo\/image\/\",\"url\":\"http:\/\/ivex.online\/wp-content\/uploads\/2023\/02\/Logo-menu.svg\",\"contentUrl\":\"http:\/\/ivex.online\/wp-content\/uploads\/2023\/02\/Logo-menu.svg\",\"width\":144,\"height\":44,\"caption\":\"Ivex\"},\"image\":{\"@id\":\"https:\/\/ivex.online\/es\/#\/schema\/logo\/image\/\"}}]}<\/script>\n<!-- \/ Yoast SEO plugin. -->","yoast_head_json":{"title":"Pol\u00edtica de Cookies &raquo; Ivex","robots":{"index":"index","follow":"follow","max-snippet":"max-snippet:-1","max-image-preview":"max-image-preview:large","max-video-preview":"max-video-preview:-1"},"canonical":"https:\/\/ivex.online\/es\/politica-de-cookies\/","og_locale":"es_ES","og_type":"article","og_title":"Pol\u00edtica de Cookies &raquo; Ivex","og_description":"En relaci\u00f3n a las Cookies durante la navegaci\u00f3n Una cookie (o galleta inform\u00e1tica) es una peque\u00f1a informaci\u00f3n enviada por un sitio web y almacenada en el navegador del usuario, por lo que el sitio web puede consultar la actividad previa del usuario. Sus principales funciones son: Cookies propias: Tipos de cookie Finalidad cnolotci_session Facilitar informaci\u00f3n [&hellip;]","og_url":"https:\/\/ivex.online\/es\/politica-de-cookies\/","og_site_name":"Ivex","article_modified_time":"2023-03-16T14:06:16+00:00","twitter_card":"summary_large_image","twitter_misc":{"Tiempo de lectura":"4 minutos"},"schema":{"@context":"https:\/\/schema.org","@graph":[{"@type":"WebPage","@id":"https:\/\/ivex.online\/es\/politica-de-cookies\/","url":"https:\/\/ivex.online\/es\/politica-de-cookies\/","name":"Pol\u00edtica de Cookies &raquo; Ivex","isPartOf":{"@id":"https:\/\/ivex.online\/es\/#website"},"datePublished":"2023-02-20T19:47:57+00:00","dateModified":"2023-03-16T14:06:16+00:00","breadcrumb":{"@id":"https:\/\/ivex.online\/es\/politica-de-cookies\/#breadcrumb"},"inLanguage":"es","potentialAction":[{"@type":"ReadAction","target":["https:\/\/ivex.online\/es\/politica-de-cookies\/"]}]},{"@type":"BreadcrumbList","@id":"https:\/\/ivex.online\/es\/politica-de-cookies\/#breadcrumb","itemListElement":[{"@type":"ListItem","position":1,"name":"Inici","item":"https:\/\/ivex.online\/es\/"},{"@type":"ListItem","position":2,"name":"Pol\u00edtica de Cookies"}]},{"@type":"WebSite","@id":"https:\/\/ivex.online\/es\/#website","url":"https:\/\/ivex.online\/es\/","name":"Ivex","description":"Transport immediat recollim quan i a on vulguis.","publisher":{"@id":"https:\/\/ivex.online\/es\/#organization"},"potentialAction":[{"@type":"SearchAction","target":{"@type":"EntryPoint","urlTemplate":"https:\/\/ivex.online\/es\/?s={search_term_string}"},"query-input":"required name=search_term_string"}],"inLanguage":"es"},{"@type":"Organization","@id":"https:\/\/ivex.online\/es\/#organization","name":"Ivex","url":"https:\/\/ivex.online\/es\/","logo":{"@type":"ImageObject","inLanguage":"es","@id":"https:\/\/ivex.online\/es\/#\/schema\/logo\/image\/","url":"http:\/\/ivex.online\/wp-content\/uploads\/2023\/02\/Logo-menu.svg","contentUrl":"http:\/\/ivex.online\/wp-content\/uploads\/2023\/02\/Logo-menu.svg","width":144,"height":44,"caption":"Ivex"},"image":{"@id":"https:\/\/ivex.online\/es\/#\/schema\/logo\/image\/"}}]}},"_links":{"self":[{"href":"https:\/\/ivex.online\/es\/wp-json\/wp\/v2\/pages\/149"}],"collection":[{"href":"https:\/\/ivex.online\/es\/wp-json\/wp\/v2\/pages"}],"about":[{"href":"https:\/\/ivex.online\/es\/wp-json\/wp\/v2\/types\/page"}],"author":[{"embeddable":true,"href":"https:\/\/ivex.online\/es\/wp-json\/wp\/v2\/users\/2"}],"replies":[{"embeddable":true,"href":"https:\/\/ivex.online\/es\/wp-json\/wp\/v2\/comments?post=149"}],"version-history":[{"count":1,"href":"https:\/\/ivex.online\/es\/wp-json\/wp\/v2\/pages\/149\/revisions"}],"predecessor-version":[{"id":158,"href":"https:\/\/ivex.online\/es\/wp-json\/wp\/v2\/pages\/149\/revisions\/158"}],"wp:attachment":[{"href":"https:\/\/ivex.online\/es\/wp-json\/wp\/v2\/media?parent=149"}],"curies":[{"name":"wp","href":"https:\/\/api.w.org\/{rel}","templated":true}]}}