{"id":159,"date":"2023-02-09T10:34:18","date_gmt":"2023-02-09T09:34:18","guid":{"rendered":"https:\/\/ivex.online\/?page_id=159"},"modified":"2023-03-16T15:13:00","modified_gmt":"2023-03-16T14:13:00","slug":"politica-de-privacidad","status":"publish","type":"page","link":"https:\/\/ivex.online\/es\/politica-de-privacidad\/","title":{"rendered":"Pol\u00edtica de Privacidad"},"content":{"rendered":"\n<ul>\n<li>Denominaci\u00f3n Social: <strong>jsspla2016 s.l.<\/strong><\/li>\n\n\n\n<li>Nombre Comercial: <strong>IVEX<\/strong><\/li>\n\n\n\n<li>Domicilio Social: <strong>C\/ VALLESPIR 16, OLOT<\/strong><\/li>\n\n\n\n<li>CIF\/ NIF: <strong>B55265938<\/strong><\/li>\n\n\n\n<li>Tel\u00e9fono: NUM_TLF<\/li>\n\n\n\n<li>Correo electr\u00f3nico: <strong>info@ivex.online<\/strong><\/li>\n\n\n\n<li>Nombre del dominio: <a href=\"https:\/\/ivex.online\/es\/\"><\/a><a href=\"https:\/\/ivex.online\/es\/\" target=\"_blank\" rel=\"noreferrer noopener\"><strong>https:\/\/ivex.online\/<\/strong><\/a><\/li>\n<\/ul>\n\n\n\n<p>En conformidad con el que dispone la Ley Org\u00e1nica 15\/1999 de Protecci\u00f3n de datos de car\u00e1cter personal (LOPD) y su normativa de desarrollo, el responsable del sitio web, en cumplimiento del que disponen los art\u00edculos 5 y 6 de la LOPD, informa a todos los usuarios del sitio web que faciliten o tengan que facilitar sus datos personales, que estas ser\u00e1n incorporadas en un fichero automatizado que se encuentra debidamente inscrito en la Agencia Espa\u00f1ola de Protecci\u00f3n de Datos.<\/p>\n\n\n\n<p>Los usuarios, mediante la marcaci\u00f3n de la casilla, aceptan expresamente y de manera libre e inequ\u00edvoca que sus datos personales sean tratados por parte del prestamista para realizar las siguientes finalidades.<\/p>\n\n\n\n<ol>\n<li>Remisi\u00f3n de comunicaciones comerciales publicitarias por e-mail, fax, sms, mms,comunicados sociales o cualquier otro medio electr\u00f3nico o f\u00edsico, presente o futuro que haga posible realizar comunicaciones comerciales. Estas comunicaciones comerciales ser\u00e1n relacionadas sobre productos o servicios ofrecidos por el prestamista, as\u00ed como por parte de los colaboradores o partners con los que este hubiera llegado a alg\u00fan acuerdo de promoci\u00f3n comercial entre sus clientes. En este caso, los terceros nunca tendr\u00e1n acceso a los datos personales. En todo caso, las comunicaciones comerciales ser\u00e1n realizadas por parte del prestamista y ser\u00e1n de productos y servicios relacionados con el sector del prestamista.<\/li>\n\n\n\n<li>Realizar estudios estad\u00edsticos.<\/li>\n\n\n\n<li>Tramitar encargos, solicitudes o cualquier tipo de petici\u00f3n que sea realizada por el usuario en el sitio web de la compa\u00f1\u00eda.<\/li>\n\n\n\n<li>Remitir el bolet\u00edn de noticias de la p\u00e1gina web.<\/li>\n<\/ol>\n\n\n\n<p>El prestamista informa y garantiza expresamente a los usuarios que sus datos personales no ser\u00e1n cedidas en ning\u00fan caso a terceras compa\u00f1\u00edas y que siempre que se tuviera que realizar alg\u00fan tipo de cesi\u00f3n de datos personales, de forma previa se solicitar\u00e1 el consentimiento expreso, informado e inequ\u00edvoco por parte de los titulares.<\/p>\n\n\n\n<p>Todos los datos solicitados a trav\u00e9s del sitio web son obligatorias puesto que son necesarias por la prestaci\u00f3n de un servicio \u00f3ptimo al usuario. En caso de que no sean facilitadas todos los datos, el prestamista no garantiza que la informaci\u00f3n y servicios facilitados sean completamente ajustados a sus necesidades.<\/p>\n\n\n\n<p>El prestamista garantiza en todo caso al usuario el ejercicio de los derechos de acceso, rectificaci\u00f3n, cancelaci\u00f3n informaci\u00f3n y oposici\u00f3n, en los t\u00e9rminos dispuestos en la legislaci\u00f3n vigente. Por eso, en conformidad con el que dispone en la Ley Org\u00e1nica 15\/1999 de Protecci\u00f3n de Datos de Car\u00e1cter Personal ( LOPD) podr\u00e1 ejercitar sus derechos remitiendo una solicitud expr\u00e9s, justamente con una copia de su DNI a trav\u00e9s de los siguientes medios:<\/p>\n\n\n\n<ul>\n<li>Correu electr\u00f2nic: <strong>info@ivex.online<\/strong><\/li>\n\n\n\n<li>Correu postal : <strong><strong>C\/ VALLESPIR 16, OLOT<\/strong><\/strong><\/li>\n<\/ul>\n\n\n\n<p>Del mismo modo, el usuario podr\u00e1 darse de baja de cualquier de los servicios de suscripci\u00f3n en el apartado de darse de baja de todos los correos electr\u00f3nicos remitidos por parte del prestamista.<\/p>\n\n\n\n<p>Del mismo modo, el prestamista ha adoptado todas las medidas t\u00e9cnicas y de organizaci\u00f3n necesarias para garantizar la seguridad e integridad de los datos de car\u00e1cter personal que trate, para evitar su p\u00e9rdida, alteraci\u00f3n y\/o acceso por parte de terceros no autorizados.<\/p>\n\n\n\n<h2 class=\"wp-block-heading\">DIRECCIONES IP<\/h2>\n\n\n\n<p>Los servidores del sitio web, podr\u00e1n detectar de manera autom\u00e1tica la direcci\u00f3n IP y el nombre del dominio utilizados por el usuario. Una direcci\u00f3n IP es un n\u00famero asignado autom\u00e1ticamente a un ordenador cuando este se conecta en Internet. Toda esta informaci\u00f3n es registrada en un fichero de actividad del servidor debidamente inscrito que permite el posterior procesamiento de los datos con el fin de obtener medidas solamente estad\u00edsticas que permitan conocer el n\u00famero de impresiones de p\u00e1ginas, el n\u00famero de visitas realizadas a los servicios web, la orden de visitas, el punto de acceso, etc.<\/p>\n\n\n\n<h2 class=\"wp-block-heading\">SEGURIDAD<\/h2>\n\n\n\n<p>El sitio web, utiliza t\u00e9cnicas de seguridad de la informaci\u00f3n generalmente aceptadas en la industria como firewalls, procedimientos de control de acceso y mecanismos criptogr\u00e1ficos.<br>Todo esto con el objeto de evitar el acceso no autorizado a los datos. Para conseguirlo, el usuario \/ cliente, acepta que el prestamista obtenga datos por efectos de la correspondiente autenticaci\u00f3n de los controles de acceso.<\/p>\n\n\n\n<p>Todo proceso de contrataci\u00f3n o que comporte la introducci\u00f3n de datos personales de car\u00e1cter alto (salud, ideolog\u00eda\u2026) ser\u00e1n siempre transmitidas mediante un protocolo de comunicaci\u00f3n segura (https:\/\/\u2026) de tal manera que cabe tercero tenga acceso a la informaci\u00f3n transmitida v\u00eda electr\u00f3nica.<\/p>\n","protected":false},"excerpt":{"rendered":"<p>En conformidad con el que dispone la Ley Org\u00e1nica 15\/1999 de Protecci\u00f3n de datos de car\u00e1cter personal (LOPD) y su normativa de desarrollo, el responsable del sitio web, en cumplimiento del que disponen los art\u00edculos 5 y 6 de la LOPD, informa a todos los usuarios del sitio web que faciliten o tengan que facilitar [&hellip;]<\/p>\n","protected":false},"author":2,"featured_media":0,"parent":0,"menu_order":0,"comment_status":"closed","ping_status":"closed","template":"","meta":{"inline_featured_image":false},"acf":[],"yoast_head":"<!-- This site is optimized with the Yoast SEO plugin v20.3 - https:\/\/yoast.com\/wordpress\/plugins\/seo\/ -->\n<title>Pol\u00edtica de Privacidad &raquo; Ivex<\/title>\n<meta name=\"robots\" content=\"index, follow, max-snippet:-1, max-image-preview:large, max-video-preview:-1\" \/>\n<link rel=\"canonical\" href=\"https:\/\/ivex.online\/es\/politica-de-privacidad\/\" \/>\n<meta property=\"og:locale\" content=\"es_ES\" \/>\n<meta property=\"og:type\" content=\"article\" \/>\n<meta property=\"og:title\" content=\"Pol\u00edtica de Privacidad &raquo; Ivex\" \/>\n<meta property=\"og:description\" content=\"En conformidad con el que dispone la Ley Org\u00e1nica 15\/1999 de Protecci\u00f3n de datos de car\u00e1cter personal (LOPD) y su normativa de desarrollo, el responsable del sitio web, en cumplimiento del que disponen los art\u00edculos 5 y 6 de la LOPD, informa a todos los usuarios del sitio web que faciliten o tengan que facilitar [&hellip;]\" \/>\n<meta property=\"og:url\" content=\"https:\/\/ivex.online\/es\/politica-de-privacidad\/\" \/>\n<meta property=\"og:site_name\" content=\"Ivex\" \/>\n<meta property=\"article:modified_time\" content=\"2023-03-16T14:13:00+00:00\" \/>\n<meta name=\"twitter:card\" content=\"summary_large_image\" \/>\n<meta name=\"twitter:label1\" content=\"Tiempo de lectura\" \/>\n\t<meta name=\"twitter:data1\" content=\"4 minutos\" \/>\n<script type=\"application\/ld+json\" class=\"yoast-schema-graph\">{\"@context\":\"https:\/\/schema.org\",\"@graph\":[{\"@type\":\"WebPage\",\"@id\":\"https:\/\/ivex.online\/es\/politica-de-privacidad\/\",\"url\":\"https:\/\/ivex.online\/es\/politica-de-privacidad\/\",\"name\":\"Pol\u00edtica de Privacidad &raquo; Ivex\",\"isPartOf\":{\"@id\":\"https:\/\/ivex.online\/es\/#website\"},\"datePublished\":\"2023-02-09T09:34:18+00:00\",\"dateModified\":\"2023-03-16T14:13:00+00:00\",\"breadcrumb\":{\"@id\":\"https:\/\/ivex.online\/es\/politica-de-privacidad\/#breadcrumb\"},\"inLanguage\":\"es\",\"potentialAction\":[{\"@type\":\"ReadAction\",\"target\":[\"https:\/\/ivex.online\/es\/politica-de-privacidad\/\"]}]},{\"@type\":\"BreadcrumbList\",\"@id\":\"https:\/\/ivex.online\/es\/politica-de-privacidad\/#breadcrumb\",\"itemListElement\":[{\"@type\":\"ListItem\",\"position\":1,\"name\":\"Inici\",\"item\":\"https:\/\/ivex.online\/es\/\"},{\"@type\":\"ListItem\",\"position\":2,\"name\":\"Pol\u00edtica de Privacidad\"}]},{\"@type\":\"WebSite\",\"@id\":\"https:\/\/ivex.online\/es\/#website\",\"url\":\"https:\/\/ivex.online\/es\/\",\"name\":\"Ivex\",\"description\":\"Transport immediat recollim quan i a on vulguis.\",\"publisher\":{\"@id\":\"https:\/\/ivex.online\/es\/#organization\"},\"potentialAction\":[{\"@type\":\"SearchAction\",\"target\":{\"@type\":\"EntryPoint\",\"urlTemplate\":\"https:\/\/ivex.online\/es\/?s={search_term_string}\"},\"query-input\":\"required name=search_term_string\"}],\"inLanguage\":\"es\"},{\"@type\":\"Organization\",\"@id\":\"https:\/\/ivex.online\/es\/#organization\",\"name\":\"Ivex\",\"url\":\"https:\/\/ivex.online\/es\/\",\"logo\":{\"@type\":\"ImageObject\",\"inLanguage\":\"es\",\"@id\":\"https:\/\/ivex.online\/es\/#\/schema\/logo\/image\/\",\"url\":\"http:\/\/ivex.online\/wp-content\/uploads\/2023\/02\/Logo-menu.svg\",\"contentUrl\":\"http:\/\/ivex.online\/wp-content\/uploads\/2023\/02\/Logo-menu.svg\",\"width\":144,\"height\":44,\"caption\":\"Ivex\"},\"image\":{\"@id\":\"https:\/\/ivex.online\/es\/#\/schema\/logo\/image\/\"}}]}<\/script>\n<!-- \/ Yoast SEO plugin. -->","yoast_head_json":{"title":"Pol\u00edtica de Privacidad &raquo; Ivex","robots":{"index":"index","follow":"follow","max-snippet":"max-snippet:-1","max-image-preview":"max-image-preview:large","max-video-preview":"max-video-preview:-1"},"canonical":"https:\/\/ivex.online\/es\/politica-de-privacidad\/","og_locale":"es_ES","og_type":"article","og_title":"Pol\u00edtica de Privacidad &raquo; Ivex","og_description":"En conformidad con el que dispone la Ley Org\u00e1nica 15\/1999 de Protecci\u00f3n de datos de car\u00e1cter personal (LOPD) y su normativa de desarrollo, el responsable del sitio web, en cumplimiento del que disponen los art\u00edculos 5 y 6 de la LOPD, informa a todos los usuarios del sitio web que faciliten o tengan que facilitar [&hellip;]","og_url":"https:\/\/ivex.online\/es\/politica-de-privacidad\/","og_site_name":"Ivex","article_modified_time":"2023-03-16T14:13:00+00:00","twitter_card":"summary_large_image","twitter_misc":{"Tiempo de lectura":"4 minutos"},"schema":{"@context":"https:\/\/schema.org","@graph":[{"@type":"WebPage","@id":"https:\/\/ivex.online\/es\/politica-de-privacidad\/","url":"https:\/\/ivex.online\/es\/politica-de-privacidad\/","name":"Pol\u00edtica de Privacidad &raquo; Ivex","isPartOf":{"@id":"https:\/\/ivex.online\/es\/#website"},"datePublished":"2023-02-09T09:34:18+00:00","dateModified":"2023-03-16T14:13:00+00:00","breadcrumb":{"@id":"https:\/\/ivex.online\/es\/politica-de-privacidad\/#breadcrumb"},"inLanguage":"es","potentialAction":[{"@type":"ReadAction","target":["https:\/\/ivex.online\/es\/politica-de-privacidad\/"]}]},{"@type":"BreadcrumbList","@id":"https:\/\/ivex.online\/es\/politica-de-privacidad\/#breadcrumb","itemListElement":[{"@type":"ListItem","position":1,"name":"Inici","item":"https:\/\/ivex.online\/es\/"},{"@type":"ListItem","position":2,"name":"Pol\u00edtica de Privacidad"}]},{"@type":"WebSite","@id":"https:\/\/ivex.online\/es\/#website","url":"https:\/\/ivex.online\/es\/","name":"Ivex","description":"Transport immediat recollim quan i a on vulguis.","publisher":{"@id":"https:\/\/ivex.online\/es\/#organization"},"potentialAction":[{"@type":"SearchAction","target":{"@type":"EntryPoint","urlTemplate":"https:\/\/ivex.online\/es\/?s={search_term_string}"},"query-input":"required name=search_term_string"}],"inLanguage":"es"},{"@type":"Organization","@id":"https:\/\/ivex.online\/es\/#organization","name":"Ivex","url":"https:\/\/ivex.online\/es\/","logo":{"@type":"ImageObject","inLanguage":"es","@id":"https:\/\/ivex.online\/es\/#\/schema\/logo\/image\/","url":"http:\/\/ivex.online\/wp-content\/uploads\/2023\/02\/Logo-menu.svg","contentUrl":"http:\/\/ivex.online\/wp-content\/uploads\/2023\/02\/Logo-menu.svg","width":144,"height":44,"caption":"Ivex"},"image":{"@id":"https:\/\/ivex.online\/es\/#\/schema\/logo\/image\/"}}]}},"_links":{"self":[{"href":"https:\/\/ivex.online\/es\/wp-json\/wp\/v2\/pages\/159"}],"collection":[{"href":"https:\/\/ivex.online\/es\/wp-json\/wp\/v2\/pages"}],"about":[{"href":"https:\/\/ivex.online\/es\/wp-json\/wp\/v2\/types\/page"}],"author":[{"embeddable":true,"href":"https:\/\/ivex.online\/es\/wp-json\/wp\/v2\/users\/2"}],"replies":[{"embeddable":true,"href":"https:\/\/ivex.online\/es\/wp-json\/wp\/v2\/comments?post=159"}],"version-history":[{"count":2,"href":"https:\/\/ivex.online\/es\/wp-json\/wp\/v2\/pages\/159\/revisions"}],"predecessor-version":[{"id":161,"href":"https:\/\/ivex.online\/es\/wp-json\/wp\/v2\/pages\/159\/revisions\/161"}],"wp:attachment":[{"href":"https:\/\/ivex.online\/es\/wp-json\/wp\/v2\/media?parent=159"}],"curies":[{"name":"wp","href":"https:\/\/api.w.org\/{rel}","templated":true}]}}